{"id":141,"date":"2026-03-09T09:12:28","date_gmt":"2026-03-09T09:12:28","guid":{"rendered":"https:\/\/saimaanpuupalvelu.fi\/?page_id=141"},"modified":"2026-03-25T14:50:49","modified_gmt":"2026-03-25T14:50:49","slug":"mokkitalkkari","status":"publish","type":"page","link":"https:\/\/saimaanpuupalvelu.fi\/en\/mokkitalkkari\/","title":{"rendered":"Cottage caretaker"},"content":{"rendered":"<div data-elementor-type=\"wp-page\" data-elementor-id=\"141\" class=\"elementor elementor-141\" data-elementor-post-type=\"page\">\n\t\t\t\t<div class=\"elementor-element elementor-element-9672c43 e-flex e-con-boxed e-con e-parent\" data-id=\"9672c43\" data-element_type=\"container\" data-e-type=\"container\" data-settings=\"{&quot;background_background&quot;:&quot;classic&quot;}\">\n\t\t\t\t\t<div class=\"e-con-inner\">\n\t\t<div class=\"elementor-element elementor-element-53547d7 e-con-full e-flex e-con e-child\" data-id=\"53547d7\" data-element_type=\"container\" data-e-type=\"container\">\n\t\t\t\t<\/div>\n\t\t\t\t<div class=\"elementor-element elementor-element-f8b0b42 elementor-widget elementor-widget-text-editor\" data-id=\"f8b0b42\" data-element_type=\"widget\" data-e-type=\"widget\" data-widget_type=\"text-editor.default\">\n\t\t\t\t\t\t\t\t\t<p><strong>Your worry-free cottage season starts here!<\/strong><\/p>\t\t\t\t\t\t\t\t<\/div>\n\t\t<div class=\"elementor-element elementor-element-9292710 e-con-full e-flex e-con e-child\" data-id=\"9292710\" data-element_type=\"container\" data-e-type=\"container\" data-settings=\"{&quot;background_background&quot;:&quot;classic&quot;}\">\n\t\t\t\t<div class=\"elementor-element elementor-element-b01c817 elementor-widget elementor-widget-spacer\" data-id=\"b01c817\" data-element_type=\"widget\" data-e-type=\"widget\" data-widget_type=\"spacer.default\">\n\t\t\t\t\t\t\t<div class=\"elementor-spacer\">\n\t\t\t<div class=\"elementor-spacer-inner\"><\/div>\n\t\t<\/div>\n\t\t\t\t\t\t<\/div>\n\t\t\t\t<div class=\"elementor-element elementor-element-b1e8d85 elementor-widget elementor-widget-heading\" data-id=\"b1e8d85\" data-element_type=\"widget\" data-e-type=\"widget\" data-widget_type=\"heading.default\">\n\t\t\t\t\t<h1 class=\"elementor-heading-title elementor-size-default\">With the maintenance contract you\u00b4ll get the peace of mind. You can contrate on other important things.<\/h1>\t\t\t\t<\/div>\n\t\t\t\t<div class=\"elementor-element elementor-element-f8e4a50 elementor-widget elementor-widget-text-editor\" data-id=\"f8e4a50\" data-element_type=\"widget\" data-e-type=\"widget\" data-widget_type=\"text-editor.default\">\n\t\t\t\t\t\t\t\t\t<h2>Available e.g. three, six and 12 months contracts.&nbsp;<\/h2>\n<h2>&nbsp;<\/h2>\n<h2>I can also do individual maintenance and repair tasks. Together we can design a task or a package that is best for you.&nbsp;<\/h2>\t\t\t\t\t\t\t\t<\/div>\n\t\t\t\t<\/div>\n\t\t\t\t\t<\/div>\n\t\t\t\t<\/div>\n\t\t<div class=\"elementor-element elementor-element-9cb198c e-con-full e-flex e-con e-parent\" data-id=\"9cb198c\" data-element_type=\"container\" data-e-type=\"container\" data-settings=\"{&quot;background_background&quot;:&quot;classic&quot;}\">\n\t\t\t\t<div class=\"elementor-element elementor-element-3edcd61 elementor-widget elementor-widget-image\" data-id=\"3edcd61\" data-element_type=\"widget\" data-e-type=\"widget\" data-widget_type=\"image.default\">\n\t\t\t\t\t\t\t\t\t\t\t\t\t\t\t<img fetchpriority=\"high\" decoding=\"async\" width=\"1264\" height=\"848\" src=\"https:\/\/saimaanpuupalvelu.fi\/wp-content\/uploads\/2026\/03\/Saimaan-Puupalvelu-etusivu.jpg\" class=\"attachment-1536x1536 size-1536x1536 wp-image-42\" alt=\"\" srcset=\"https:\/\/saimaanpuupalvelu.fi\/wp-content\/uploads\/2026\/03\/Saimaan-Puupalvelu-etusivu.jpg 1264w, https:\/\/saimaanpuupalvelu.fi\/wp-content\/uploads\/2026\/03\/Saimaan-Puupalvelu-etusivu-300x201.jpg 300w, https:\/\/saimaanpuupalvelu.fi\/wp-content\/uploads\/2026\/03\/Saimaan-Puupalvelu-etusivu-1024x687.jpg 1024w, https:\/\/saimaanpuupalvelu.fi\/wp-content\/uploads\/2026\/03\/Saimaan-Puupalvelu-etusivu-768x515.jpg 768w\" sizes=\"(max-width: 1264px) 100vw, 1264px\" \/>\t\t\t\t\t\t\t\t\t\t\t\t\t\t\t<\/div>\n\t\t\t\t<\/div>\n\t\t<div class=\"elementor-element elementor-element-836a905 e-flex e-con-boxed e-con e-parent\" data-id=\"836a905\" data-element_type=\"container\" data-e-type=\"container\">\n\t\t\t\t\t<div class=\"e-con-inner\">\n\t\t\t\t<div class=\"elementor-element elementor-element-c771941 elementor-widget elementor-widget-text-editor\" data-id=\"c771941\" data-element_type=\"widget\" data-e-type=\"widget\" data-widget_type=\"text-editor.default\">\n\t\t\t\t\t\t\t\t\t<h2>Regular visits and quick help to keep the cottage in order throughout the year<\/h2><ul><li>Regular check visits<\/li><li>Following yard and tree condition<\/li><li>Checking roof and gutter<\/li><li>Checking condition of building(s) and pier<\/li><li>Lawn mowing (max. 1500 m2)<sup>2<\/sup>)<\/li><li>Small maintenance tasks fixed immediately<\/li><li>Quick reaction to issues<\/li><li>No nasty surprises in spring or autumn<\/li><li>One reliable contact person<\/li><\/ul>\t\t\t\t\t\t\t\t<\/div>\n\t\t\t\t\t<\/div>\n\t\t\t\t<\/div>\n\t\t<div class=\"elementor-element elementor-element-57d86a8 e-flex e-con-boxed e-con e-parent\" data-id=\"57d86a8\" data-element_type=\"container\" data-e-type=\"container\">\n\t\t\t\t\t<div class=\"e-con-inner\">\n\t\t<div class=\"elementor-element elementor-element-3031e18 e-con-full e-flex e-con e-child\" data-id=\"3031e18\" data-element_type=\"container\" data-e-type=\"container\" data-settings=\"{&quot;background_background&quot;:&quot;classic&quot;}\">\n\t\t<div class=\"elementor-element elementor-element-153ba78 e-con-full e-flex e-con e-child\" data-id=\"153ba78\" data-element_type=\"container\" data-e-type=\"container\">\n\t\t\t\t<\/div>\n\t\t<div class=\"elementor-element elementor-element-0ffc3dd e-con-full e-flex e-con e-child\" data-id=\"0ffc3dd\" data-element_type=\"container\" data-e-type=\"container\">\n\t\t\t\t<div class=\"elementor-element elementor-element-b432d61 elementor-widget elementor-widget-heading\" data-id=\"b432d61\" data-element_type=\"widget\" data-e-type=\"widget\" data-widget_type=\"heading.default\">\n\t\t\t\t\t<h3 class=\"elementor-heading-title elementor-size-default\">Cottage in order throughout the year<\/h3>\t\t\t\t<\/div>\n\t\t\t\t<div class=\"elementor-element elementor-element-ba36baf elementor-mobile-align-center elementor-widget elementor-widget-button\" data-id=\"ba36baf\" data-element_type=\"widget\" data-e-type=\"widget\" data-widget_type=\"button.default\">\n\t\t\t\t\t\t\t\t\t\t<a class=\"elementor-button elementor-button-link elementor-size-sm\" href=\"https:\/\/saimaanpuupalvelu.fi\/en\/yhteystiedot\/\">\n\t\t\t\t\t\t<span class=\"elementor-button-content-wrapper\">\n\t\t\t\t\t\t\t\t\t<span class=\"elementor-button-text\">Contact me!<\/span>\n\t\t\t\t\t<\/span>\n\t\t\t\t\t<\/a>\n\t\t\t\t\t\t\t\t<\/div>\n\t\t\t\t<\/div>\n\t\t\t\t<\/div>\n\t\t\t\t\t<\/div>\n\t\t\t\t<\/div>\n\t\t<div class=\"elementor-element elementor-element-32c9c7a e-flex e-con-boxed e-con e-parent\" data-id=\"32c9c7a\" data-element_type=\"container\" data-e-type=\"container\">\n\t\t\t\t\t<div class=\"e-con-inner\">\n\t\t\t\t\t<\/div>\n\t\t\t\t<\/div>\n\t\t\t\t<\/div>","protected":false},"excerpt":{"rendered":"<p>Huoleton m\u00f6kkikes\u00e4 alkaa t\u00e4st\u00e4! Tee m\u00f6kin yll\u00e4pidosta sopimus joka antaa mielenrauhaa. Sin\u00e4 voit keskitty\u00e4 oleelliseen. Saatavilla esim. kolmen, kuuden ja 12:n kuukauden sopimuksia.&nbsp; &nbsp; Tulen tekem\u00e4\u00e4n my\u00f6s yksitt\u00e4isi\u00e4 kunnostus- tai yll\u00e4pitoteht\u00e4vi\u00e4. Suunnitellaan yhdess\u00e4 juuri teille sopiva kokonaisuus.&nbsp; S\u00e4\u00e4nn\u00f6lliset k\u00e4ynnit ja nopea apu jotta m\u00f6kki pysyy kunnossa ymp\u00e4ri vuoden S\u00e4\u00e4nn\u00f6lliset tarkastusk\u00e4ynnit Pihan ja puuston seuranta Kattojen [&hellip;]<\/p>\n","protected":false},"author":1,"featured_media":0,"parent":0,"menu_order":0,"comment_status":"closed","ping_status":"closed","template":"","meta":{"footnotes":""},"class_list":["post-141","page","type-page","status-publish","hentry"],"yoast_head":"<!-- This site is optimized with the Yoast SEO plugin v27.1.1 - https:\/\/yoast.com\/product\/yoast-seo-wordpress\/ -->\n<title>M\u00f6kkitalkkari - Saimaan Puupalvelu<\/title>\n<meta name=\"robots\" content=\"index, follow, max-snippet:-1, max-image-preview:large, max-video-preview:-1\" \/>\n<link rel=\"canonical\" href=\"https:\/\/saimaanpuupalvelu.fi\/en\/mokkitalkkari\/\" \/>\n<meta property=\"og:locale\" content=\"en_GB\" \/>\n<meta property=\"og:type\" content=\"article\" \/>\n<meta property=\"og:title\" content=\"M\u00f6kkitalkkari - Saimaan Puupalvelu\" \/>\n<meta property=\"og:description\" content=\"Huoleton m\u00f6kkikes\u00e4 alkaa t\u00e4st\u00e4! Tee m\u00f6kin yll\u00e4pidosta sopimus joka antaa mielenrauhaa. Sin\u00e4 voit keskitty\u00e4 oleelliseen. Saatavilla esim. kolmen, kuuden ja 12:n kuukauden sopimuksia.&nbsp; &nbsp; Tulen tekem\u00e4\u00e4n my\u00f6s yksitt\u00e4isi\u00e4 kunnostus- tai yll\u00e4pitoteht\u00e4vi\u00e4. Suunnitellaan yhdess\u00e4 juuri teille sopiva kokonaisuus.&nbsp; S\u00e4\u00e4nn\u00f6lliset k\u00e4ynnit ja nopea apu jotta m\u00f6kki pysyy kunnossa ymp\u00e4ri vuoden S\u00e4\u00e4nn\u00f6lliset tarkastusk\u00e4ynnit Pihan ja puuston seuranta Kattojen [&hellip;]\" \/>\n<meta property=\"og:url\" content=\"https:\/\/saimaanpuupalvelu.fi\/en\/mokkitalkkari\/\" \/>\n<meta property=\"og:site_name\" content=\"Saimaan Puupalvelu\" \/>\n<meta property=\"article:modified_time\" content=\"2026-03-25T14:50:49+00:00\" \/>\n<meta property=\"og:image\" content=\"https:\/\/saimaanpuupalvelu.fi\/wp-content\/uploads\/2026\/03\/Saimaan-Puupalvelu-etusivu.jpg\" \/>\n\t<meta property=\"og:image:width\" content=\"1264\" \/>\n\t<meta property=\"og:image:height\" content=\"848\" \/>\n\t<meta property=\"og:image:type\" content=\"image\/jpeg\" \/>\n<meta name=\"twitter:card\" content=\"summary_large_image\" \/>\n<meta name=\"twitter:label1\" content=\"Estimated reading time\" \/>\n\t<meta name=\"twitter:data1\" content=\"1 minute\" \/>\n<script type=\"application\/ld+json\" class=\"yoast-schema-graph\">{\"@context\":\"https:\/\/schema.org\",\"@graph\":[{\"@type\":\"WebPage\",\"@id\":\"https:\/\/saimaanpuupalvelu.fi\/mokkitalkkari\/\",\"url\":\"https:\/\/saimaanpuupalvelu.fi\/mokkitalkkari\/\",\"name\":\"M\u00f6kkitalkkari - Saimaan Puupalvelu\",\"isPartOf\":{\"@id\":\"https:\/\/saimaanpuupalvelu.fi\/#website\"},\"primaryImageOfPage\":{\"@id\":\"https:\/\/saimaanpuupalvelu.fi\/mokkitalkkari\/#primaryimage\"},\"image\":{\"@id\":\"https:\/\/saimaanpuupalvelu.fi\/mokkitalkkari\/#primaryimage\"},\"thumbnailUrl\":\"https:\/\/saimaanpuupalvelu.fi\/wp-content\/uploads\/2026\/03\/Saimaan-Puupalvelu-etusivu.jpg\",\"datePublished\":\"2026-03-09T09:12:28+00:00\",\"dateModified\":\"2026-03-25T14:50:49+00:00\",\"breadcrumb\":{\"@id\":\"https:\/\/saimaanpuupalvelu.fi\/mokkitalkkari\/#breadcrumb\"},\"inLanguage\":\"en-GB\",\"potentialAction\":[{\"@type\":\"ReadAction\",\"target\":[\"https:\/\/saimaanpuupalvelu.fi\/mokkitalkkari\/\"]}]},{\"@type\":\"ImageObject\",\"inLanguage\":\"en-GB\",\"@id\":\"https:\/\/saimaanpuupalvelu.fi\/mokkitalkkari\/#primaryimage\",\"url\":\"https:\/\/saimaanpuupalvelu.fi\/wp-content\/uploads\/2026\/03\/Saimaan-Puupalvelu-etusivu.jpg\",\"contentUrl\":\"https:\/\/saimaanpuupalvelu.fi\/wp-content\/uploads\/2026\/03\/Saimaan-Puupalvelu-etusivu.jpg\"},{\"@type\":\"BreadcrumbList\",\"@id\":\"https:\/\/saimaanpuupalvelu.fi\/mokkitalkkari\/#breadcrumb\",\"itemListElement\":[{\"@type\":\"ListItem\",\"position\":1,\"name\":\"Etusivu\",\"item\":\"https:\/\/saimaanpuupalvelu.fi\/\"},{\"@type\":\"ListItem\",\"position\":2,\"name\":\"M\u00f6kkitalkkari\"}]},{\"@type\":\"WebSite\",\"@id\":\"https:\/\/saimaanpuupalvelu.fi\/#website\",\"url\":\"https:\/\/saimaanpuupalvelu.fi\/\",\"name\":\"Saimaan Puupalvelu\",\"description\":\"Paikallinen ja luotettava kumppani\",\"publisher\":{\"@id\":\"https:\/\/saimaanpuupalvelu.fi\/#organization\"},\"potentialAction\":[{\"@type\":\"SearchAction\",\"target\":{\"@type\":\"EntryPoint\",\"urlTemplate\":\"https:\/\/saimaanpuupalvelu.fi\/?s={search_term_string}\"},\"query-input\":{\"@type\":\"PropertyValueSpecification\",\"valueRequired\":true,\"valueName\":\"search_term_string\"}}],\"inLanguage\":\"en-GB\"},{\"@type\":\"Organization\",\"@id\":\"https:\/\/saimaanpuupalvelu.fi\/#organization\",\"name\":\"Saimaan Puupalvelu\",\"url\":\"https:\/\/saimaanpuupalvelu.fi\/\",\"logo\":{\"@type\":\"ImageObject\",\"inLanguage\":\"en-GB\",\"@id\":\"https:\/\/saimaanpuupalvelu.fi\/#\/schema\/logo\/image\/\",\"url\":\"https:\/\/saimaanpuupalvelu.fi\/wp-content\/uploads\/2026\/03\/ChatGPT-Image-9.3.2026-klo-15.19.03.png\",\"contentUrl\":\"https:\/\/saimaanpuupalvelu.fi\/wp-content\/uploads\/2026\/03\/ChatGPT-Image-9.3.2026-klo-15.19.03.png\",\"width\":1024,\"height\":1024,\"caption\":\"Saimaan Puupalvelu\"},\"image\":{\"@id\":\"https:\/\/saimaanpuupalvelu.fi\/#\/schema\/logo\/image\/\"}}]}<\/script>\n<!-- \/ Yoast SEO plugin. -->","yoast_head_json":{"title":"M\u00f6kkitalkkari - Saimaan Puupalvelu","robots":{"index":"index","follow":"follow","max-snippet":"max-snippet:-1","max-image-preview":"max-image-preview:large","max-video-preview":"max-video-preview:-1"},"canonical":"https:\/\/saimaanpuupalvelu.fi\/en\/mokkitalkkari\/","og_locale":"en_GB","og_type":"article","og_title":"M\u00f6kkitalkkari - Saimaan Puupalvelu","og_description":"Huoleton m\u00f6kkikes\u00e4 alkaa t\u00e4st\u00e4! Tee m\u00f6kin yll\u00e4pidosta sopimus joka antaa mielenrauhaa. Sin\u00e4 voit keskitty\u00e4 oleelliseen. Saatavilla esim. kolmen, kuuden ja 12:n kuukauden sopimuksia.&nbsp; &nbsp; Tulen tekem\u00e4\u00e4n my\u00f6s yksitt\u00e4isi\u00e4 kunnostus- tai yll\u00e4pitoteht\u00e4vi\u00e4. Suunnitellaan yhdess\u00e4 juuri teille sopiva kokonaisuus.&nbsp; S\u00e4\u00e4nn\u00f6lliset k\u00e4ynnit ja nopea apu jotta m\u00f6kki pysyy kunnossa ymp\u00e4ri vuoden S\u00e4\u00e4nn\u00f6lliset tarkastusk\u00e4ynnit Pihan ja puuston seuranta Kattojen [&hellip;]","og_url":"https:\/\/saimaanpuupalvelu.fi\/en\/mokkitalkkari\/","og_site_name":"Saimaan Puupalvelu","article_modified_time":"2026-03-25T14:50:49+00:00","og_image":[{"width":1264,"height":848,"url":"https:\/\/saimaanpuupalvelu.fi\/wp-content\/uploads\/2026\/03\/Saimaan-Puupalvelu-etusivu.jpg","type":"image\/jpeg"}],"twitter_card":"summary_large_image","twitter_misc":{"Estimated reading time":"1 minute"},"schema":{"@context":"https:\/\/schema.org","@graph":[{"@type":"WebPage","@id":"https:\/\/saimaanpuupalvelu.fi\/mokkitalkkari\/","url":"https:\/\/saimaanpuupalvelu.fi\/mokkitalkkari\/","name":"M\u00f6kkitalkkari - Saimaan Puupalvelu","isPartOf":{"@id":"https:\/\/saimaanpuupalvelu.fi\/#website"},"primaryImageOfPage":{"@id":"https:\/\/saimaanpuupalvelu.fi\/mokkitalkkari\/#primaryimage"},"image":{"@id":"https:\/\/saimaanpuupalvelu.fi\/mokkitalkkari\/#primaryimage"},"thumbnailUrl":"https:\/\/saimaanpuupalvelu.fi\/wp-content\/uploads\/2026\/03\/Saimaan-Puupalvelu-etusivu.jpg","datePublished":"2026-03-09T09:12:28+00:00","dateModified":"2026-03-25T14:50:49+00:00","breadcrumb":{"@id":"https:\/\/saimaanpuupalvelu.fi\/mokkitalkkari\/#breadcrumb"},"inLanguage":"en-GB","potentialAction":[{"@type":"ReadAction","target":["https:\/\/saimaanpuupalvelu.fi\/mokkitalkkari\/"]}]},{"@type":"ImageObject","inLanguage":"en-GB","@id":"https:\/\/saimaanpuupalvelu.fi\/mokkitalkkari\/#primaryimage","url":"https:\/\/saimaanpuupalvelu.fi\/wp-content\/uploads\/2026\/03\/Saimaan-Puupalvelu-etusivu.jpg","contentUrl":"https:\/\/saimaanpuupalvelu.fi\/wp-content\/uploads\/2026\/03\/Saimaan-Puupalvelu-etusivu.jpg"},{"@type":"BreadcrumbList","@id":"https:\/\/saimaanpuupalvelu.fi\/mokkitalkkari\/#breadcrumb","itemListElement":[{"@type":"ListItem","position":1,"name":"Etusivu","item":"https:\/\/saimaanpuupalvelu.fi\/"},{"@type":"ListItem","position":2,"name":"M\u00f6kkitalkkari"}]},{"@type":"WebSite","@id":"https:\/\/saimaanpuupalvelu.fi\/#website","url":"https:\/\/saimaanpuupalvelu.fi\/","name":"Saimaan Puupalvelu","description":"Paikallinen ja luotettava kumppani","publisher":{"@id":"https:\/\/saimaanpuupalvelu.fi\/#organization"},"potentialAction":[{"@type":"SearchAction","target":{"@type":"EntryPoint","urlTemplate":"https:\/\/saimaanpuupalvelu.fi\/?s={search_term_string}"},"query-input":{"@type":"PropertyValueSpecification","valueRequired":true,"valueName":"search_term_string"}}],"inLanguage":"en-GB"},{"@type":"Organization","@id":"https:\/\/saimaanpuupalvelu.fi\/#organization","name":"Saimaan Puupalvelu","url":"https:\/\/saimaanpuupalvelu.fi\/","logo":{"@type":"ImageObject","inLanguage":"en-GB","@id":"https:\/\/saimaanpuupalvelu.fi\/#\/schema\/logo\/image\/","url":"https:\/\/saimaanpuupalvelu.fi\/wp-content\/uploads\/2026\/03\/ChatGPT-Image-9.3.2026-klo-15.19.03.png","contentUrl":"https:\/\/saimaanpuupalvelu.fi\/wp-content\/uploads\/2026\/03\/ChatGPT-Image-9.3.2026-klo-15.19.03.png","width":1024,"height":1024,"caption":"Saimaan Puupalvelu"},"image":{"@id":"https:\/\/saimaanpuupalvelu.fi\/#\/schema\/logo\/image\/"}}]}},"_links":{"self":[{"href":"https:\/\/saimaanpuupalvelu.fi\/en\/wp-json\/wp\/v2\/pages\/141","targetHints":{"allow":["GET"]}}],"collection":[{"href":"https:\/\/saimaanpuupalvelu.fi\/en\/wp-json\/wp\/v2\/pages"}],"about":[{"href":"https:\/\/saimaanpuupalvelu.fi\/en\/wp-json\/wp\/v2\/types\/page"}],"author":[{"embeddable":true,"href":"https:\/\/saimaanpuupalvelu.fi\/en\/wp-json\/wp\/v2\/users\/1"}],"replies":[{"embeddable":true,"href":"https:\/\/saimaanpuupalvelu.fi\/en\/wp-json\/wp\/v2\/comments?post=141"}],"version-history":[{"count":91,"href":"https:\/\/saimaanpuupalvelu.fi\/en\/wp-json\/wp\/v2\/pages\/141\/revisions"}],"predecessor-version":[{"id":496,"href":"https:\/\/saimaanpuupalvelu.fi\/en\/wp-json\/wp\/v2\/pages\/141\/revisions\/496"}],"wp:attachment":[{"href":"https:\/\/saimaanpuupalvelu.fi\/en\/wp-json\/wp\/v2\/media?parent=141"}],"curies":[{"name":"wp","href":"https:\/\/api.w.org\/{rel}","templated":true}]}}