{"id":146,"date":"2026-03-09T09:12:44","date_gmt":"2026-03-09T09:12:44","guid":{"rendered":"https:\/\/saimaanpuupalvelu.fi\/?page_id=146"},"modified":"2026-03-23T16:29:17","modified_gmt":"2026-03-23T16:29:17","slug":"metsasuunnittelu","status":"publish","type":"page","link":"https:\/\/saimaanpuupalvelu.fi\/en\/metsasuunnittelu\/","title":{"rendered":"Forest management plan"},"content":{"rendered":"<div data-elementor-type=\"wp-page\" data-elementor-id=\"146\" class=\"elementor elementor-146\" data-elementor-post-type=\"page\">\n\t\t\t\t<div class=\"elementor-element elementor-element-6ad78a7 e-flex e-con-boxed e-con e-parent\" data-id=\"6ad78a7\" data-element_type=\"container\" data-e-type=\"container\" data-settings=\"{&quot;background_background&quot;:&quot;classic&quot;}\">\n\t\t\t\t\t<div class=\"e-con-inner\">\n\t\t\t\t<div class=\"elementor-element elementor-element-8f1a0c6 elementor-widget elementor-widget-spacer\" data-id=\"8f1a0c6\" data-element_type=\"widget\" data-e-type=\"widget\" data-widget_type=\"spacer.default\">\n\t\t\t\t\t\t\t<div class=\"elementor-spacer\">\n\t\t\t<div class=\"elementor-spacer-inner\"><\/div>\n\t\t<\/div>\n\t\t\t\t\t\t<\/div>\n\t\t<div class=\"elementor-element elementor-element-306dc1b e-con-full e-flex e-con e-child\" data-id=\"306dc1b\" data-element_type=\"container\" data-e-type=\"container\" data-settings=\"{&quot;background_background&quot;:&quot;classic&quot;}\">\n\t\t\t\t<div class=\"elementor-element elementor-element-9b22f21 elementor-widget elementor-widget-heading\" data-id=\"9b22f21\" data-element_type=\"widget\" data-e-type=\"widget\" data-widget_type=\"heading.default\">\n\t\t\t\t\t<h1 class=\"elementor-heading-title elementor-size-default\">Forestry management<\/h1>\t\t\t\t<\/div>\n\t\t\t\t<\/div>\n\t\t\t\t\t<\/div>\n\t\t\t\t<\/div>\n\t\t<div class=\"elementor-element elementor-element-c5ccf5b e-con-full e-flex e-con e-parent\" data-id=\"c5ccf5b\" data-element_type=\"container\" data-e-type=\"container\" data-settings=\"{&quot;background_background&quot;:&quot;classic&quot;}\">\n\t\t\t\t<div class=\"elementor-element elementor-element-fde4fa3 elementor-widget elementor-widget-image\" data-id=\"fde4fa3\" data-element_type=\"widget\" data-e-type=\"widget\" data-widget_type=\"image.default\">\n\t\t\t\t\t\t\t\t\t\t\t\t\t\t\t<img fetchpriority=\"high\" decoding=\"async\" width=\"1264\" height=\"848\" src=\"https:\/\/saimaanpuupalvelu.fi\/wp-content\/uploads\/2026\/03\/Saimaan-Puupalvelu-2.jpg\" class=\"attachment-2048x2048 size-2048x2048 wp-image-43\" alt=\"\" srcset=\"https:\/\/saimaanpuupalvelu.fi\/wp-content\/uploads\/2026\/03\/Saimaan-Puupalvelu-2.jpg 1264w, https:\/\/saimaanpuupalvelu.fi\/wp-content\/uploads\/2026\/03\/Saimaan-Puupalvelu-2-300x201.jpg 300w, https:\/\/saimaanpuupalvelu.fi\/wp-content\/uploads\/2026\/03\/Saimaan-Puupalvelu-2-1024x687.jpg 1024w, https:\/\/saimaanpuupalvelu.fi\/wp-content\/uploads\/2026\/03\/Saimaan-Puupalvelu-2-768x515.jpg 768w\" sizes=\"(max-width: 1264px) 100vw, 1264px\" \/>\t\t\t\t\t\t\t\t\t\t\t\t\t\t\t<\/div>\n\t\t\t\t<div class=\"elementor-element elementor-element-d701ecb elementor-widget elementor-widget-text-editor\" data-id=\"d701ecb\" data-element_type=\"widget\" data-e-type=\"widget\" data-widget_type=\"text-editor.default\">\n\t\t\t\t\t\t\t\t\t<h2>Forest Management<\/h2>\n<div>I use a brush saw to clear bushes or seedling stand for young forest. Tending of seedling stand is an important, unless most important step when growing a forest. \nIn tending of seedling stand the excess wood is removed from the ones that is wished to grow. In some cases, especially in fertile areas, the seedling stand might be needed to be done twice. Tending of seedling stand is usually done after 4-7 years from planting trees \/ seeds, depending on species of tree.&nbsp;<\/div>\n<div>It is worth mentioning that you can get METKA support for tending of seedling stand or a young forest. You can also mark the work cost to tax deduction.<\/div>\t\t\t\t\t\t\t\t<\/div>\n\t\t<div class=\"elementor-element elementor-element-27310a0 e-con-full e-flex e-con e-child\" data-id=\"27310a0\" data-element_type=\"container\" data-e-type=\"container\">\n\t\t\t\t<\/div>\n\t\t\t\t<\/div>\n\t\t<div class=\"elementor-element elementor-element-21504d1 e-flex e-con-boxed e-con e-parent\" data-id=\"21504d1\" data-element_type=\"container\" data-e-type=\"container\">\n\t\t\t\t\t<div class=\"e-con-inner\">\n\t\t\t\t\t<\/div>\n\t\t\t\t<\/div>\n\t\t<div class=\"elementor-element elementor-element-6d1d1bf e-flex e-con-boxed e-con e-parent\" data-id=\"6d1d1bf\" data-element_type=\"container\" data-e-type=\"container\">\n\t\t\t\t\t<div class=\"e-con-inner\">\n\t\t\t\t<div class=\"elementor-element elementor-element-7758cad elementor-widget elementor-widget-text-editor\" data-id=\"7758cad\" data-element_type=\"widget\" data-e-type=\"widget\" data-widget_type=\"text-editor.default\">\n\t\t\t\t\t\t\t\t\t<h2>Forest management plan<\/h2><div>Do you own some forest and you don\u00b4t know what do to with it? Or maybe you have inherited forest?\u00a0<\/div><div>\u00a0<\/div><div><p>Forest management plan is a great tool for forest owner, it gives specific information. With the help of forest management plan you can get estimates of your cost &amp; revenue and recommendations to forestry. I do forest management plan for coming 10 years at a time.\u00a0<\/p><p>Forest management plan starts defining goals of a forest owner. It will be clarified if forest is wanted to save as many trees as possible or is there a need for more rapid profit? \nForest management plan works as a support for decision making and does not bind the forest owner. In short, it works as a guidance.\u00a0<\/p><\/div><div>\u00a0<\/div><div>I always do forest management plan so that I will make some measures on the ground. Forest management plan includes the value estimation for forest property.\u00a0<\/div>\t\t\t\t\t\t\t\t<\/div>\n\t\t\t\t\t<\/div>\n\t\t\t\t<\/div>\n\t\t\t\t<\/div>","protected":false},"excerpt":{"rendered":"<p>Mets\u00e4n hoito ja -suunnittelu Mets\u00e4n hoito Teen mets\u00e4nhoitoa vaikkapa raivaussahalla esim. varhaisperkauksena. Varhaisperkaus on merkitt\u00e4v\u00e4, ehk\u00e4 jopa t\u00e4rkein ty\u00f6vaihe taimikon ja mets\u00e4n kasvatuksessa.&nbsp; Varhaisperkauksessa poistetaan kasvatettavaa puulajia haittaava lehtipuulaji. Jossain tapauksissa, varsinkin viljavilla mailla perkauksen joutuu tekem\u00e4\u00e4n jopa kahteen&nbsp; kertaan. Varhaisperkaus tehd\u00e4\u00e4n useimmiten taimikon ollessa 4-7 vuoden ik\u00e4inen, riippuen puulajista.&nbsp; T\u00e4ss\u00e4 kannattaa muistaa ett\u00e4 taimikon [&hellip;]<\/p>\n","protected":false},"author":1,"featured_media":0,"parent":0,"menu_order":0,"comment_status":"closed","ping_status":"closed","template":"","meta":{"footnotes":""},"class_list":["post-146","page","type-page","status-publish","hentry"],"yoast_head":"<!-- This site is optimized with the Yoast SEO plugin v27.1.1 - https:\/\/yoast.com\/product\/yoast-seo-wordpress\/ -->\n<title>Mets\u00e4suunnittelu - Saimaan Puupalvelu<\/title>\n<meta name=\"robots\" content=\"index, follow, max-snippet:-1, max-image-preview:large, max-video-preview:-1\" \/>\n<link rel=\"canonical\" href=\"https:\/\/saimaanpuupalvelu.fi\/en\/metsasuunnittelu\/\" \/>\n<meta property=\"og:locale\" content=\"en_GB\" \/>\n<meta property=\"og:type\" content=\"article\" \/>\n<meta property=\"og:title\" content=\"Mets\u00e4suunnittelu - Saimaan Puupalvelu\" \/>\n<meta property=\"og:description\" content=\"Mets\u00e4n hoito ja -suunnittelu Mets\u00e4n hoito Teen mets\u00e4nhoitoa vaikkapa raivaussahalla esim. varhaisperkauksena. Varhaisperkaus on merkitt\u00e4v\u00e4, ehk\u00e4 jopa t\u00e4rkein ty\u00f6vaihe taimikon ja mets\u00e4n kasvatuksessa.&nbsp; Varhaisperkauksessa poistetaan kasvatettavaa puulajia haittaava lehtipuulaji. Jossain tapauksissa, varsinkin viljavilla mailla perkauksen joutuu tekem\u00e4\u00e4n jopa kahteen&nbsp; kertaan. Varhaisperkaus tehd\u00e4\u00e4n useimmiten taimikon ollessa 4-7 vuoden ik\u00e4inen, riippuen puulajista.&nbsp; T\u00e4ss\u00e4 kannattaa muistaa ett\u00e4 taimikon [&hellip;]\" \/>\n<meta property=\"og:url\" content=\"https:\/\/saimaanpuupalvelu.fi\/en\/metsasuunnittelu\/\" \/>\n<meta property=\"og:site_name\" content=\"Saimaan Puupalvelu\" \/>\n<meta property=\"article:modified_time\" content=\"2026-03-23T16:29:17+00:00\" \/>\n<meta property=\"og:image\" content=\"https:\/\/saimaanpuupalvelu.fi\/wp-content\/uploads\/2026\/03\/Saimaan-Puupalvelu-2.jpg\" \/>\n\t<meta property=\"og:image:width\" content=\"1264\" \/>\n\t<meta property=\"og:image:height\" content=\"848\" \/>\n\t<meta property=\"og:image:type\" content=\"image\/jpeg\" \/>\n<meta name=\"twitter:card\" content=\"summary_large_image\" \/>\n<meta name=\"twitter:label1\" content=\"Estimated reading time\" \/>\n\t<meta name=\"twitter:data1\" content=\"1 minute\" \/>\n<script type=\"application\/ld+json\" class=\"yoast-schema-graph\">{\"@context\":\"https:\/\/schema.org\",\"@graph\":[{\"@type\":\"WebPage\",\"@id\":\"https:\/\/saimaanpuupalvelu.fi\/metsasuunnittelu\/\",\"url\":\"https:\/\/saimaanpuupalvelu.fi\/metsasuunnittelu\/\",\"name\":\"Mets\u00e4suunnittelu - Saimaan Puupalvelu\",\"isPartOf\":{\"@id\":\"https:\/\/saimaanpuupalvelu.fi\/#website\"},\"primaryImageOfPage\":{\"@id\":\"https:\/\/saimaanpuupalvelu.fi\/metsasuunnittelu\/#primaryimage\"},\"image\":{\"@id\":\"https:\/\/saimaanpuupalvelu.fi\/metsasuunnittelu\/#primaryimage\"},\"thumbnailUrl\":\"https:\/\/saimaanpuupalvelu.fi\/wp-content\/uploads\/2026\/03\/Saimaan-Puupalvelu-2.jpg\",\"datePublished\":\"2026-03-09T09:12:44+00:00\",\"dateModified\":\"2026-03-23T16:29:17+00:00\",\"breadcrumb\":{\"@id\":\"https:\/\/saimaanpuupalvelu.fi\/metsasuunnittelu\/#breadcrumb\"},\"inLanguage\":\"en-GB\",\"potentialAction\":[{\"@type\":\"ReadAction\",\"target\":[\"https:\/\/saimaanpuupalvelu.fi\/metsasuunnittelu\/\"]}]},{\"@type\":\"ImageObject\",\"inLanguage\":\"en-GB\",\"@id\":\"https:\/\/saimaanpuupalvelu.fi\/metsasuunnittelu\/#primaryimage\",\"url\":\"https:\/\/saimaanpuupalvelu.fi\/wp-content\/uploads\/2026\/03\/Saimaan-Puupalvelu-2.jpg\",\"contentUrl\":\"https:\/\/saimaanpuupalvelu.fi\/wp-content\/uploads\/2026\/03\/Saimaan-Puupalvelu-2.jpg\"},{\"@type\":\"BreadcrumbList\",\"@id\":\"https:\/\/saimaanpuupalvelu.fi\/metsasuunnittelu\/#breadcrumb\",\"itemListElement\":[{\"@type\":\"ListItem\",\"position\":1,\"name\":\"Etusivu\",\"item\":\"https:\/\/saimaanpuupalvelu.fi\/\"},{\"@type\":\"ListItem\",\"position\":2,\"name\":\"Mets\u00e4suunnittelu\"}]},{\"@type\":\"WebSite\",\"@id\":\"https:\/\/saimaanpuupalvelu.fi\/#website\",\"url\":\"https:\/\/saimaanpuupalvelu.fi\/\",\"name\":\"Saimaan Puupalvelu\",\"description\":\"Paikallinen ja luotettava kumppani\",\"publisher\":{\"@id\":\"https:\/\/saimaanpuupalvelu.fi\/#organization\"},\"potentialAction\":[{\"@type\":\"SearchAction\",\"target\":{\"@type\":\"EntryPoint\",\"urlTemplate\":\"https:\/\/saimaanpuupalvelu.fi\/?s={search_term_string}\"},\"query-input\":{\"@type\":\"PropertyValueSpecification\",\"valueRequired\":true,\"valueName\":\"search_term_string\"}}],\"inLanguage\":\"en-GB\"},{\"@type\":\"Organization\",\"@id\":\"https:\/\/saimaanpuupalvelu.fi\/#organization\",\"name\":\"Saimaan Puupalvelu\",\"url\":\"https:\/\/saimaanpuupalvelu.fi\/\",\"logo\":{\"@type\":\"ImageObject\",\"inLanguage\":\"en-GB\",\"@id\":\"https:\/\/saimaanpuupalvelu.fi\/#\/schema\/logo\/image\/\",\"url\":\"https:\/\/saimaanpuupalvelu.fi\/wp-content\/uploads\/2026\/03\/ChatGPT-Image-9.3.2026-klo-15.19.03.png\",\"contentUrl\":\"https:\/\/saimaanpuupalvelu.fi\/wp-content\/uploads\/2026\/03\/ChatGPT-Image-9.3.2026-klo-15.19.03.png\",\"width\":1024,\"height\":1024,\"caption\":\"Saimaan Puupalvelu\"},\"image\":{\"@id\":\"https:\/\/saimaanpuupalvelu.fi\/#\/schema\/logo\/image\/\"}}]}<\/script>\n<!-- \/ Yoast SEO plugin. -->","yoast_head_json":{"title":"Mets\u00e4suunnittelu - Saimaan Puupalvelu","robots":{"index":"index","follow":"follow","max-snippet":"max-snippet:-1","max-image-preview":"max-image-preview:large","max-video-preview":"max-video-preview:-1"},"canonical":"https:\/\/saimaanpuupalvelu.fi\/en\/metsasuunnittelu\/","og_locale":"en_GB","og_type":"article","og_title":"Mets\u00e4suunnittelu - Saimaan Puupalvelu","og_description":"Mets\u00e4n hoito ja -suunnittelu Mets\u00e4n hoito Teen mets\u00e4nhoitoa vaikkapa raivaussahalla esim. varhaisperkauksena. Varhaisperkaus on merkitt\u00e4v\u00e4, ehk\u00e4 jopa t\u00e4rkein ty\u00f6vaihe taimikon ja mets\u00e4n kasvatuksessa.&nbsp; Varhaisperkauksessa poistetaan kasvatettavaa puulajia haittaava lehtipuulaji. Jossain tapauksissa, varsinkin viljavilla mailla perkauksen joutuu tekem\u00e4\u00e4n jopa kahteen&nbsp; kertaan. Varhaisperkaus tehd\u00e4\u00e4n useimmiten taimikon ollessa 4-7 vuoden ik\u00e4inen, riippuen puulajista.&nbsp; T\u00e4ss\u00e4 kannattaa muistaa ett\u00e4 taimikon [&hellip;]","og_url":"https:\/\/saimaanpuupalvelu.fi\/en\/metsasuunnittelu\/","og_site_name":"Saimaan Puupalvelu","article_modified_time":"2026-03-23T16:29:17+00:00","og_image":[{"width":1264,"height":848,"url":"https:\/\/saimaanpuupalvelu.fi\/wp-content\/uploads\/2026\/03\/Saimaan-Puupalvelu-2.jpg","type":"image\/jpeg"}],"twitter_card":"summary_large_image","twitter_misc":{"Estimated reading time":"1 minute"},"schema":{"@context":"https:\/\/schema.org","@graph":[{"@type":"WebPage","@id":"https:\/\/saimaanpuupalvelu.fi\/metsasuunnittelu\/","url":"https:\/\/saimaanpuupalvelu.fi\/metsasuunnittelu\/","name":"Mets\u00e4suunnittelu - Saimaan Puupalvelu","isPartOf":{"@id":"https:\/\/saimaanpuupalvelu.fi\/#website"},"primaryImageOfPage":{"@id":"https:\/\/saimaanpuupalvelu.fi\/metsasuunnittelu\/#primaryimage"},"image":{"@id":"https:\/\/saimaanpuupalvelu.fi\/metsasuunnittelu\/#primaryimage"},"thumbnailUrl":"https:\/\/saimaanpuupalvelu.fi\/wp-content\/uploads\/2026\/03\/Saimaan-Puupalvelu-2.jpg","datePublished":"2026-03-09T09:12:44+00:00","dateModified":"2026-03-23T16:29:17+00:00","breadcrumb":{"@id":"https:\/\/saimaanpuupalvelu.fi\/metsasuunnittelu\/#breadcrumb"},"inLanguage":"en-GB","potentialAction":[{"@type":"ReadAction","target":["https:\/\/saimaanpuupalvelu.fi\/metsasuunnittelu\/"]}]},{"@type":"ImageObject","inLanguage":"en-GB","@id":"https:\/\/saimaanpuupalvelu.fi\/metsasuunnittelu\/#primaryimage","url":"https:\/\/saimaanpuupalvelu.fi\/wp-content\/uploads\/2026\/03\/Saimaan-Puupalvelu-2.jpg","contentUrl":"https:\/\/saimaanpuupalvelu.fi\/wp-content\/uploads\/2026\/03\/Saimaan-Puupalvelu-2.jpg"},{"@type":"BreadcrumbList","@id":"https:\/\/saimaanpuupalvelu.fi\/metsasuunnittelu\/#breadcrumb","itemListElement":[{"@type":"ListItem","position":1,"name":"Etusivu","item":"https:\/\/saimaanpuupalvelu.fi\/"},{"@type":"ListItem","position":2,"name":"Mets\u00e4suunnittelu"}]},{"@type":"WebSite","@id":"https:\/\/saimaanpuupalvelu.fi\/#website","url":"https:\/\/saimaanpuupalvelu.fi\/","name":"Saimaan Puupalvelu","description":"Paikallinen ja luotettava kumppani","publisher":{"@id":"https:\/\/saimaanpuupalvelu.fi\/#organization"},"potentialAction":[{"@type":"SearchAction","target":{"@type":"EntryPoint","urlTemplate":"https:\/\/saimaanpuupalvelu.fi\/?s={search_term_string}"},"query-input":{"@type":"PropertyValueSpecification","valueRequired":true,"valueName":"search_term_string"}}],"inLanguage":"en-GB"},{"@type":"Organization","@id":"https:\/\/saimaanpuupalvelu.fi\/#organization","name":"Saimaan Puupalvelu","url":"https:\/\/saimaanpuupalvelu.fi\/","logo":{"@type":"ImageObject","inLanguage":"en-GB","@id":"https:\/\/saimaanpuupalvelu.fi\/#\/schema\/logo\/image\/","url":"https:\/\/saimaanpuupalvelu.fi\/wp-content\/uploads\/2026\/03\/ChatGPT-Image-9.3.2026-klo-15.19.03.png","contentUrl":"https:\/\/saimaanpuupalvelu.fi\/wp-content\/uploads\/2026\/03\/ChatGPT-Image-9.3.2026-klo-15.19.03.png","width":1024,"height":1024,"caption":"Saimaan Puupalvelu"},"image":{"@id":"https:\/\/saimaanpuupalvelu.fi\/#\/schema\/logo\/image\/"}}]}},"_links":{"self":[{"href":"https:\/\/saimaanpuupalvelu.fi\/en\/wp-json\/wp\/v2\/pages\/146","targetHints":{"allow":["GET"]}}],"collection":[{"href":"https:\/\/saimaanpuupalvelu.fi\/en\/wp-json\/wp\/v2\/pages"}],"about":[{"href":"https:\/\/saimaanpuupalvelu.fi\/en\/wp-json\/wp\/v2\/types\/page"}],"author":[{"embeddable":true,"href":"https:\/\/saimaanpuupalvelu.fi\/en\/wp-json\/wp\/v2\/users\/1"}],"replies":[{"embeddable":true,"href":"https:\/\/saimaanpuupalvelu.fi\/en\/wp-json\/wp\/v2\/comments?post=146"}],"version-history":[{"count":64,"href":"https:\/\/saimaanpuupalvelu.fi\/en\/wp-json\/wp\/v2\/pages\/146\/revisions"}],"predecessor-version":[{"id":473,"href":"https:\/\/saimaanpuupalvelu.fi\/en\/wp-json\/wp\/v2\/pages\/146\/revisions\/473"}],"wp:attachment":[{"href":"https:\/\/saimaanpuupalvelu.fi\/en\/wp-json\/wp\/v2\/media?parent=146"}],"curies":[{"name":"wp","href":"https:\/\/api.w.org\/{rel}","templated":true}]}}